{"id":4859,"date":"2024-06-12T22:25:21","date_gmt":"2024-06-12T20:25:21","guid":{"rendered":"https:\/\/www.nvaadorf.ch\/wp\/?page_id=4859"},"modified":"2024-08-06T17:17:33","modified_gmt":"2024-08-06T15:17:33","slug":"gewoehnlicher-natternkopf-echium-vulgare","status":"publish","type":"page","link":"https:\/\/www.nvaadorf.ch\/wp\/projekte\/2024-naturnahe-bepflanzung-auf-dem-gemeindeplatz\/gewoehnlicher-natternkopf-echium-vulgare\/","title":{"rendered":"Gew\u00f6hnlicher Natternkopf (Echium vulgare)"},"content":{"rendered":"\t\t<div data-elementor-type=\"wp-page\" data-elementor-id=\"4859\" class=\"elementor elementor-4859\" data-elementor-post-type=\"page\">\n\t\t\t\t<div class=\"elementor-element elementor-element-5103e3ea e-flex e-con-boxed e-con e-parent\" data-id=\"5103e3ea\" data-element_type=\"container\" data-e-type=\"container\">\n\t\t\t\t\t<div class=\"e-con-inner\">\n\t\t\t\t\t<\/div>\n\t\t\t\t<\/div>\n\t\t<div class=\"elementor-element elementor-element-c184ddd e-flex e-con-boxed e-con e-parent\" data-id=\"c184ddd\" data-element_type=\"container\" data-e-type=\"container\">\n\t\t\t\t\t<div class=\"e-con-inner\">\n\t\t\t\t<div class=\"elementor-element elementor-element-198771ac elementor-widget elementor-widget-heading\" data-id=\"198771ac\" data-element_type=\"widget\" data-e-type=\"widget\" data-widget_type=\"heading.default\">\n\t\t\t\t<div class=\"elementor-widget-container\">\n\t\t\t\t\t<div class=\"elementor-heading-title elementor-size-default\">Gew\u00f6hnliche Natternkopf (Echium vulgare)<\/div>\t\t\t\t<\/div>\n\t\t\t\t<\/div>\n\t\t\t\t\t<\/div>\n\t\t\t\t<\/div>\n\t\t<div class=\"elementor-element elementor-element-7f9d51a4 e-flex e-con-boxed e-con e-parent\" data-id=\"7f9d51a4\" data-element_type=\"container\" data-e-type=\"container\">\n\t\t\t\t\t<div class=\"e-con-inner\">\n\t\t<div class=\"elementor-element elementor-element-3d0f170 e-con-full e-flex e-con e-child\" data-id=\"3d0f170\" data-element_type=\"container\" data-e-type=\"container\">\n\t\t\t\t<div class=\"elementor-element elementor-element-25dc70a4 elementor-widget elementor-widget-image\" data-id=\"25dc70a4\" data-element_type=\"widget\" data-e-type=\"widget\" data-widget_type=\"image.default\">\n\t\t\t\t<div class=\"elementor-widget-container\">\n\t\t\t\t\t\t\t\t\t\t\t\t<figure class=\"wp-caption\">\n\t\t\t\t\t\t\t\t\t\t\t<a href=\"https:\/\/i.etsystatic.com\/31514641\/r\/il\/26e921\/3786228545\/il_794xN.3786228545_fvdg.jpg\" data-elementor-open-lightbox=\"yes\" data-e-action-hash=\"#elementor-action%3Aaction%3Dlightbox%26settings%3DW10%3D\">\n\t\t\t\t\t\t\t<img decoding=\"async\" src=\"https:\/\/i.etsystatic.com\/31514641\/r\/il\/26e921\/3786228545\/il_794xN.3786228545_fvdg.jpg\" title=\"\" alt=\"Gew\u00f6hnliche Natternkopf\" loading=\"lazy\" \/>\t\t\t\t\t\t\t\t<\/a>\n\t\t\t\t\t\t\t\t\t\t\t<figcaption class=\"widget-image-caption wp-caption-text\">Gew\u00f6hnliche Natternkopf<\/figcaption>\n\t\t\t\t\t\t\t\t\t\t<\/figure>\n\t\t\t\t\t\t\t\t\t<\/div>\n\t\t\t\t<\/div>\n\t\t\t\t<\/div>\n\t\t<div class=\"elementor-element elementor-element-432df52b e-con-full e-flex e-con e-child\" data-id=\"432df52b\" data-element_type=\"container\" data-e-type=\"container\">\n\t\t\t\t<div class=\"elementor-element elementor-element-5ee07242 elementor-widget elementor-widget-image\" data-id=\"5ee07242\" data-element_type=\"widget\" data-e-type=\"widget\" data-widget_type=\"image.default\">\n\t\t\t\t<div class=\"elementor-widget-container\">\n\t\t\t\t\t\t\t\t\t\t\t\t<figure class=\"wp-caption\">\n\t\t\t\t\t\t\t\t\t\t\t<a href=\"https:\/\/cdn.pixabay.com\/photo\/2013\/06\/24\/22\/02\/echium-vulgare-l-141010_1280.jpg\" data-elementor-open-lightbox=\"yes\" data-e-action-hash=\"#elementor-action%3Aaction%3Dlightbox%26settings%3DW10%3D\">\n\t\t\t\t\t\t\t<img decoding=\"async\" src=\"https:\/\/cdn.pixabay.com\/photo\/2013\/06\/24\/22\/02\/echium-vulgare-l-141010_1280.jpg\" title=\"\" alt=\"Gew\u00f6hnliche Natternkopf\" loading=\"lazy\" \/>\t\t\t\t\t\t\t\t<\/a>\n\t\t\t\t\t\t\t\t\t\t\t<figcaption class=\"widget-image-caption wp-caption-text\">Gew\u00f6hnliche Natternkopf<\/figcaption>\n\t\t\t\t\t\t\t\t\t\t<\/figure>\n\t\t\t\t\t\t\t\t\t<\/div>\n\t\t\t\t<\/div>\n\t\t\t\t<\/div>\n\t\t\t\t\t<\/div>\n\t\t\t\t<\/div>\n\t\t<div class=\"elementor-element elementor-element-2433b99c e-con-full e-flex e-con e-parent\" data-id=\"2433b99c\" data-element_type=\"container\" data-e-type=\"container\">\n\t\t\t\t<div class=\"elementor-element elementor-element-55397109 elementor-widget elementor-widget-heading\" data-id=\"55397109\" data-element_type=\"widget\" data-e-type=\"widget\" data-widget_type=\"heading.default\">\n\t\t\t\t<div class=\"elementor-widget-container\">\n\t\t\t\t\t<h2 class=\"elementor-heading-title elementor-size-default\">Allgemeine Informationen<\/h2>\t\t\t\t<\/div>\n\t\t\t\t<\/div>\n\t\t\t\t<div class=\"elementor-element elementor-element-23225f4 elementor-widget elementor-widget-text-editor\" data-id=\"23225f4\" data-element_type=\"widget\" data-e-type=\"widget\" data-widget_type=\"text-editor.default\">\n\t\t\t\t<div class=\"elementor-widget-container\">\n\t\t\t\t\t\t\t\t\t<p>Ab Mai bis August pr\u00e4sentiert der Gew\u00f6hnliche Natternkopf seine sch\u00f6nen, blaue Bl\u00fcten. Eine Freude f\u00fcr viele Bienen und andere Insekten! Echium vulgare ist eine sommergr\u00fcne Staude mit lanzettlichem Laub.<\/p>\n<h4>Der Natternkopf &#8211; Ein Magnet f\u00fcr Bienen, Hummeln und Schmetterlinge<\/h4>\n<p>Wer sich einmal die Zeit nimmt und einen frisch bl\u00fchenden Natternkopf beobachtet, kann oft die Vielzahl unserer Bienen- und Hummelwelt beobachten. Die Pflanze ist vor allem zwischen Juni und Juli eines der wichtigsten Wildkr\u00e4uter f\u00fcr Bienen und Schmetterlinge, da zu dieser Zeit oft eine so genannte Trachtl\u00fccke vorkommt. Durch die ausbleibenden Baumbl\u00fcten und verbl\u00fchenden Fr\u00fchjahrsbl\u00fcher herrscht oftmals Futterstress f\u00fcr diese Insekten. Grossfl\u00e4chiges M\u00e4hen von Wildkr\u00e4uter in dieser Zeit setzen Biene und Co dann zus\u00e4tzlich zu.<\/p>\n<p>Natternkopf enth\u00e4lt hohe Anteile an Nektar und Pollen. Wildbienen und Schmetterlinge bekommen dadurch sowohl protein- als auch kohlenhydratreiche Nahrung.<\/p>\t\t\t\t\t\t\t\t<\/div>\n\t\t\t\t<\/div>\n\t\t\t\t<\/div>\n\t\t<div class=\"elementor-element elementor-element-2bf7367b e-flex e-con-boxed e-con e-parent\" data-id=\"2bf7367b\" data-element_type=\"container\" data-e-type=\"container\">\n\t\t\t\t\t<div class=\"e-con-inner\">\n\t\t<div class=\"elementor-element elementor-element-a6dd891 e-con-full e-flex e-con e-child\" data-id=\"a6dd891\" data-element_type=\"container\" data-e-type=\"container\">\n\t\t\t\t<div class=\"elementor-element elementor-element-4a7d43ba elementor-widget elementor-widget-heading\" data-id=\"4a7d43ba\" data-element_type=\"widget\" data-e-type=\"widget\" data-widget_type=\"heading.default\">\n\t\t\t\t<div class=\"elementor-widget-container\">\n\t\t\t\t\t<h2 class=\"elementor-heading-title elementor-size-default\">Informationen f\u00fcr Heimg\u00e4rtner:innen<\/h2>\t\t\t\t<\/div>\n\t\t\t\t<\/div>\n\t\t\t\t<\/div>\n\t\t<div class=\"elementor-element elementor-element-6b0563e0 e-con-full e-flex e-con e-child\" data-id=\"6b0563e0\" data-element_type=\"container\" data-e-type=\"container\">\n\t\t\t\t<div class=\"elementor-element elementor-element-53ec4dcf elementor-widget elementor-widget-text-editor\" data-id=\"53ec4dcf\" data-element_type=\"widget\" data-e-type=\"widget\" data-widget_type=\"text-editor.default\">\n\t\t\t\t<div class=\"elementor-widget-container\">\n\t\t\t\t\t\t\t\t\t<p><strong>Aussaht<\/strong><\/p>\n<p>Im Fr\u00fchling, wenn keine Frostgefahr mehr besteht<\/p>\n<p><a href=\"https:\/\/www.nvaadorf.ch\/wp\/?page_id=4922#lichtkeimer\">Lichtkeimer<\/a><\/p>\t\t\t\t\t\t\t\t<\/div>\n\t\t\t\t<\/div>\n\t\t\t\t<\/div>\n\t\t<div class=\"elementor-element elementor-element-57943632 e-con-full e-flex e-con e-child\" data-id=\"57943632\" data-element_type=\"container\" data-e-type=\"container\">\n\t\t\t\t<div class=\"elementor-element elementor-element-3ff74f02 elementor-widget elementor-widget-text-editor\" data-id=\"3ff74f02\" data-element_type=\"widget\" data-e-type=\"widget\" data-widget_type=\"text-editor.default\">\n\t\t\t\t<div class=\"elementor-widget-container\">\n\t\t\t\t\t\t\t\t\t<p><strong>Wasser<\/strong><\/p>\n<p>Regelm\u00e4ssige Wassergaben werden von dem Gew\u00f6hnlichen Natternkopf bevorzugt.<\/p>\t\t\t\t\t\t\t\t<\/div>\n\t\t\t\t<\/div>\n\t\t\t\t<\/div>\n\t\t<div class=\"elementor-element elementor-element-24055fdb e-con-full e-flex e-con e-child\" data-id=\"24055fdb\" data-element_type=\"container\" data-e-type=\"container\">\n\t\t\t\t<div class=\"elementor-element elementor-element-46046b93 elementor-widget elementor-widget-text-editor\" data-id=\"46046b93\" data-element_type=\"widget\" data-e-type=\"widget\" data-widget_type=\"text-editor.default\">\n\t\t\t\t<div class=\"elementor-widget-container\">\n\t\t\t\t\t\t\t\t\t<p><strong>Wuchs<\/strong><\/p>\n<p>Diese Staude ist eine aufrechte Pflanze. Echium vulgare wird etwa 60 cm bis 70 cm gross, bei einer Breite von 30 cm bis 40 cm.<\/p>\t\t\t\t\t\t\t\t<\/div>\n\t\t\t\t<\/div>\n\t\t\t\t<\/div>\n\t\t<div class=\"elementor-element elementor-element-6aa497e8 e-con-full e-flex e-con e-child\" data-id=\"6aa497e8\" data-element_type=\"container\" data-e-type=\"container\">\n\t\t\t\t<div class=\"elementor-element elementor-element-19ad16ce elementor-widget elementor-widget-text-editor\" data-id=\"19ad16ce\" data-element_type=\"widget\" data-e-type=\"widget\" data-widget_type=\"text-editor.default\">\n\t\t\t\t<div class=\"elementor-widget-container\">\n\t\t\t\t\t\t\t\t\t<p><strong>Pflege<\/strong><\/p>\n<p>Giesse seltener, aber daf\u00fcr gr\u00fcndlich und durchdringend. Dadurch werden die Pflanzenwurzeln angeregt auch in tiefere Bodenschichten vorzudringen und \u00fcberstehen so Trockenperioden besser.<\/p>\t\t\t\t\t\t\t\t<\/div>\n\t\t\t\t<\/div>\n\t\t\t\t<\/div>\n\t\t<div class=\"elementor-element elementor-element-28b6c9e4 e-con-full e-flex e-con e-child\" data-id=\"28b6c9e4\" data-element_type=\"container\" data-e-type=\"container\">\n\t\t\t\t<div class=\"elementor-element elementor-element-dd31b29 elementor-widget elementor-widget-text-editor\" data-id=\"dd31b29\" data-element_type=\"widget\" data-e-type=\"widget\" data-widget_type=\"text-editor.default\">\n\t\t\t\t<div class=\"elementor-widget-container\">\n\t\t\t\t\t\t\t\t\t<p><strong>Bl\u00fcte<\/strong><\/p>\n<p>Zwischen Mai und August schm\u00fcckt sich der Gew\u00f6hnliche Natternkopf mit rachenf\u00f6rmigen Bl\u00fcten. Blau sind diese gef\u00e4rbt.<\/p>\t\t\t\t\t\t\t\t<\/div>\n\t\t\t\t<\/div>\n\t\t\t\t<\/div>\n\t\t<div class=\"elementor-element elementor-element-34ac7c56 e-con-full e-flex e-con e-child\" data-id=\"34ac7c56\" data-element_type=\"container\" data-e-type=\"container\">\n\t\t\t\t<div class=\"elementor-element elementor-element-414b08f9 elementor-widget elementor-widget-text-editor\" data-id=\"414b08f9\" data-element_type=\"widget\" data-e-type=\"widget\" data-widget_type=\"text-editor.default\">\n\t\t\t\t<div class=\"elementor-widget-container\">\n\t\t\t\t\t\t\t\t\t<p><strong>Pflanzzeit<\/strong><\/p>\n<p>Solange der Boden nicht gefroren ist, oder sommerliche Hitze herrscht, k\u00f6nnen Containerpflanzen das ganze Jahr \u00fcber gepflanzt werden.<\/p>\t\t\t\t\t\t\t\t<\/div>\n\t\t\t\t<\/div>\n\t\t\t\t<\/div>\n\t\t<div class=\"elementor-element elementor-element-4e18fec1 e-con-full e-flex e-con e-child\" data-id=\"4e18fec1\" data-element_type=\"container\" data-e-type=\"container\">\n\t\t\t\t<div class=\"elementor-element elementor-element-537cbf5 elementor-widget elementor-widget-text-editor\" data-id=\"537cbf5\" data-element_type=\"widget\" data-e-type=\"widget\" data-widget_type=\"text-editor.default\">\n\t\t\t\t<div class=\"elementor-widget-container\">\n\t\t\t\t\t\t\t\t\t<p><strong>Frosth\u00e4rte<\/strong><\/p>\n<p>Ein Winterschutz wird nicht ben\u00f6tigt, Temperaturen bis -37\u00b0C sind kein Problem.<\/p>\t\t\t\t\t\t\t\t<\/div>\n\t\t\t\t<\/div>\n\t\t\t\t<\/div>\n\t\t<div class=\"elementor-element elementor-element-13f77a16 e-con-full e-flex e-con e-child\" data-id=\"13f77a16\" data-element_type=\"container\" data-e-type=\"container\">\n\t\t\t\t<div class=\"elementor-element elementor-element-6199e1f3 elementor-widget elementor-widget-text-editor\" data-id=\"6199e1f3\" data-element_type=\"widget\" data-e-type=\"widget\" data-widget_type=\"text-editor.default\">\n\t\t\t\t<div class=\"elementor-widget-container\">\n\t\t\t\t\t\t\t\t\t<p><strong>Standort<\/strong><\/p>\n<p>Der optimale Standort f\u00fcr Echium vulgare ist eine sonnige Lage.<\/p>\t\t\t\t\t\t\t\t<\/div>\n\t\t\t\t<\/div>\n\t\t\t\t<\/div>\n\t\t<div class=\"elementor-element elementor-element-95b3bb1 e-con-full e-flex e-con e-child\" data-id=\"95b3bb1\" data-element_type=\"container\" data-e-type=\"container\">\n\t\t\t\t<div class=\"elementor-element elementor-element-540edfd9 elementor-widget elementor-widget-text-editor\" data-id=\"540edfd9\" data-element_type=\"widget\" data-e-type=\"widget\" data-widget_type=\"text-editor.default\">\n\t\t\t\t<div class=\"elementor-widget-container\">\n\t\t\t\t\t\t\t\t\t<p><strong>Boden<\/strong><\/p>\n<p>Diese Staude braucht einen durchl\u00e4ssigen und kalkhaltigen Boden.<\/p>\t\t\t\t\t\t\t\t<\/div>\n\t\t\t\t<\/div>\n\t\t\t\t<\/div>\n\t\t<div class=\"elementor-element elementor-element-3893d55b e-con-full e-flex e-con e-child\" data-id=\"3893d55b\" data-element_type=\"container\" data-e-type=\"container\">\n\t\t\t\t<div class=\"elementor-element elementor-element-95a6664 elementor-widget elementor-widget-text-editor\" data-id=\"95a6664\" data-element_type=\"widget\" data-e-type=\"widget\" data-widget_type=\"text-editor.default\">\n\t\t\t\t<div class=\"elementor-widget-container\">\n\t\t\t\t\t\t\t\t\t<p><strong>Verwendung<\/strong><\/p>\n<p>Geeignet als Solit\u00e4rpflanze, zur Gruppenbepflanzung, im Steingarten, im Bauerngarten, als Bienenweide, im Naturgarten oder im Staudenbeet.<\/p>\t\t\t\t\t\t\t\t<\/div>\n\t\t\t\t<\/div>\n\t\t\t\t<\/div>\n\t\t\t\t\t<\/div>\n\t\t\t\t<\/div>\n\t\t<div class=\"elementor-element elementor-element-5e5309e e-flex e-con-boxed e-con e-parent\" data-id=\"5e5309e\" data-element_type=\"container\" data-e-type=\"container\">\n\t\t\t\t\t<div class=\"e-con-inner\">\n\t\t\t\t<div class=\"elementor-element elementor-element-91cba27 elementor-widget elementor-widget-heading\" data-id=\"91cba27\" data-element_type=\"widget\" data-e-type=\"widget\" data-widget_type=\"heading.default\">\n\t\t\t\t<div class=\"elementor-widget-container\">\n\t\t\t\t\t<h2 class=\"elementor-heading-title elementor-size-default\">Samengewinnung<\/h2>\t\t\t\t<\/div>\n\t\t\t\t<\/div>\n\t\t\t\t<div class=\"elementor-element elementor-element-d18ba8b elementor-widget elementor-widget-text-editor\" data-id=\"d18ba8b\" data-element_type=\"widget\" data-e-type=\"widget\" data-widget_type=\"text-editor.default\">\n\t\t\t\t<div class=\"elementor-widget-container\">\n\t\t\t\t\t\t\t\t\t<p>Im Sp\u00e4tsommer, wenn die Bl\u00fcten des Natternkopfs verbl\u00fcht und die Samenst\u00e4nde trocken und braun geworden sind, ist der ideale Zeitpunkt f\u00fcr die Samengewinnung gekommen. Suche Dir eine gesunde Pflanze, die in voller Sonne w\u00e4chst. Am besten erntest Du die Samen an einem sonnigen, trockenen Tag, damit sie nicht feucht sind.<\/p>\n<p>Schneide die trockenen Samenst\u00e4nde vorsichtig mit der Schere ab und fange dabei die fallenden Samen in Ihrem Beh\u00e4ltnis oder den Papiert\u00fcten auf. Lege die gesammelten Samenst\u00e4nde f\u00fcr ein paar Tage an einen trockenen, gut bel\u00fcfteten Ort, damit sie vollst\u00e4ndig austrocknen k\u00f6nnen.<\/p>\t\t\t\t\t\t\t\t<\/div>\n\t\t\t\t<\/div>\n\t\t\t\t\t<\/div>\n\t\t\t\t<\/div>\n\t\t\t\t<\/div>\n\t\t","protected":false},"excerpt":{"rendered":"<p>Gew\u00f6hnliche Natternkopf (Echium vulgare) Gew\u00f6hnliche Natternkopf Gew\u00f6hnliche Natternkopf Allgemeine Informationen Ab Mai bis August pr\u00e4sentiert der Gew\u00f6hnliche Natternkopf seine sch\u00f6nen, blaue Bl\u00fcten. Eine Freude f\u00fcr viele Bienen und andere Insekten! Echium vulgare ist eine sommergr\u00fcne Staude mit lanzettlichem Laub. Der Natternkopf &#8211; Ein Magnet f\u00fcr Bienen, Hummeln und Schmetterlinge Wer sich einmal die Zeit nimmt [&hellip;]<\/p>\n","protected":false},"author":3,"featured_media":0,"parent":4829,"menu_order":0,"comment_status":"closed","ping_status":"closed","template":"","meta":{"site-sidebar-layout":"default","site-content-layout":"","ast-site-content-layout":"default","site-content-style":"default","site-sidebar-style":"default","ast-global-header-display":"","ast-banner-title-visibility":"","ast-main-header-display":"","ast-hfb-above-header-display":"","ast-hfb-below-header-display":"","ast-hfb-mobile-header-display":"","site-post-title":"","ast-breadcrumbs-content":"","ast-featured-img":"","footer-sml-layout":"","ast-disable-related-posts":"","theme-transparent-header-meta":"","adv-header-id-meta":"","stick-header-meta":"","header-above-stick-meta":"","header-main-stick-meta":"","header-below-stick-meta":"","astra-migrate-meta-layouts":"default","ast-page-background-enabled":"default","ast-page-background-meta":{"desktop":{"background-color":"var(--ast-global-color-5)","background-image":"","background-repeat":"repeat","background-position":"center center","background-size":"auto","background-attachment":"scroll","background-type":"","background-media":"","overlay-type":"","overlay-color":"","overlay-opacity":"","overlay-gradient":""},"tablet":{"background-color":"","background-image":"","background-repeat":"repeat","background-position":"center center","background-size":"auto","background-attachment":"scroll","background-type":"","background-media":"","overlay-type":"","overlay-color":"","overlay-opacity":"","overlay-gradient":""},"mobile":{"background-color":"","background-image":"","background-repeat":"repeat","background-position":"center center","background-size":"auto","background-attachment":"scroll","background-type":"","background-media":"","overlay-type":"","overlay-color":"","overlay-opacity":"","overlay-gradient":""}},"ast-content-background-meta":{"desktop":{"background-color":"var(--ast-global-color-4)","background-image":"","background-repeat":"repeat","background-position":"center center","background-size":"auto","background-attachment":"scroll","background-type":"","background-media":"","overlay-type":"","overlay-color":"","overlay-opacity":"","overlay-gradient":""},"tablet":{"background-color":"var(--ast-global-color-4)","background-image":"","background-repeat":"repeat","background-position":"center center","background-size":"auto","background-attachment":"scroll","background-type":"","background-media":"","overlay-type":"","overlay-color":"","overlay-opacity":"","overlay-gradient":""},"mobile":{"background-color":"var(--ast-global-color-4)","background-image":"","background-repeat":"repeat","background-position":"center center","background-size":"auto","background-attachment":"scroll","background-type":"","background-media":"","overlay-type":"","overlay-color":"","overlay-opacity":"","overlay-gradient":""}},"footnotes":""},"class_list":["post-4859","page","type-page","status-publish","hentry"],"_links":{"self":[{"href":"https:\/\/www.nvaadorf.ch\/wp\/wp-json\/wp\/v2\/pages\/4859","targetHints":{"allow":["GET"]}}],"collection":[{"href":"https:\/\/www.nvaadorf.ch\/wp\/wp-json\/wp\/v2\/pages"}],"about":[{"href":"https:\/\/www.nvaadorf.ch\/wp\/wp-json\/wp\/v2\/types\/page"}],"author":[{"embeddable":true,"href":"https:\/\/www.nvaadorf.ch\/wp\/wp-json\/wp\/v2\/users\/3"}],"replies":[{"embeddable":true,"href":"https:\/\/www.nvaadorf.ch\/wp\/wp-json\/wp\/v2\/comments?post=4859"}],"version-history":[{"count":0,"href":"https:\/\/www.nvaadorf.ch\/wp\/wp-json\/wp\/v2\/pages\/4859\/revisions"}],"up":[{"embeddable":true,"href":"https:\/\/www.nvaadorf.ch\/wp\/wp-json\/wp\/v2\/pages\/4829"}],"wp:attachment":[{"href":"https:\/\/www.nvaadorf.ch\/wp\/wp-json\/wp\/v2\/media?parent=4859"}],"curies":[{"name":"wp","href":"https:\/\/api.w.org\/{rel}","templated":true}]}}