{"id":4871,"date":"2024-06-12T22:20:32","date_gmt":"2024-06-12T20:20:32","guid":{"rendered":"https:\/\/www.nvaadorf.ch\/wp\/?page_id=4871"},"modified":"2024-08-06T17:37:35","modified_gmt":"2024-08-06T15:37:35","slug":"eselsdistel-onopordum-acanthium","status":"publish","type":"page","link":"https:\/\/www.nvaadorf.ch\/wp\/projekte\/2024-naturnahe-bepflanzung-auf-dem-gemeindeplatz\/eselsdistel-onopordum-acanthium\/","title":{"rendered":"Eselsdistel (Onopordum acanthium)"},"content":{"rendered":"\t\t<div data-elementor-type=\"wp-page\" data-elementor-id=\"4871\" class=\"elementor elementor-4871\" data-elementor-post-type=\"page\">\n\t\t\t\t<div class=\"elementor-element elementor-element-6f679bd6 e-flex e-con-boxed e-con e-parent\" data-id=\"6f679bd6\" data-element_type=\"container\" data-e-type=\"container\">\n\t\t\t\t\t<div class=\"e-con-inner\">\n\t\t\t\t<div class=\"elementor-element elementor-element-2900294 elementor-widget elementor-widget-heading\" data-id=\"2900294\" data-element_type=\"widget\" data-e-type=\"widget\" data-widget_type=\"heading.default\">\n\t\t\t\t<div class=\"elementor-widget-container\">\n\t\t\t\t\t<div class=\"elementor-heading-title elementor-size-default\">Eselsdistel (Onopordum acanthium)<\/div>\t\t\t\t<\/div>\n\t\t\t\t<\/div>\n\t\t\t\t\t<\/div>\n\t\t\t\t<\/div>\n\t\t<div class=\"elementor-element elementor-element-39b0f166 e-flex e-con-boxed e-con e-parent\" data-id=\"39b0f166\" data-element_type=\"container\" data-e-type=\"container\">\n\t\t\t\t\t<div class=\"e-con-inner\">\n\t\t<div class=\"elementor-element elementor-element-339ca9f3 e-con-full e-flex e-con e-child\" data-id=\"339ca9f3\" data-element_type=\"container\" data-e-type=\"container\">\n\t\t\t\t<div class=\"elementor-element elementor-element-4c7be97 elementor-widget elementor-widget-image\" data-id=\"4c7be97\" data-element_type=\"widget\" data-e-type=\"widget\" data-widget_type=\"image.default\">\n\t\t\t\t<div class=\"elementor-widget-container\">\n\t\t\t\t\t\t\t\t\t\t\t\t<figure class=\"wp-caption\">\n\t\t\t\t\t\t\t\t\t\t\t<a href=\"https:\/\/cdn.pixabay.com\/photo\/2021\/07\/07\/18\/57\/thistle-6395097_1280.jpg\" data-elementor-open-lightbox=\"yes\" data-e-action-hash=\"#elementor-action%3Aaction%3Dlightbox%26settings%3DW10%3D\">\n\t\t\t\t\t\t\t<img decoding=\"async\" src=\"https:\/\/cdn.pixabay.com\/photo\/2021\/07\/07\/18\/57\/thistle-6395097_1280.jpg\" title=\"\" alt=\"Eselsdistel\" loading=\"lazy\" \/>\t\t\t\t\t\t\t\t<\/a>\n\t\t\t\t\t\t\t\t\t\t\t<figcaption class=\"widget-image-caption wp-caption-text\">Eselsdistel <\/figcaption>\n\t\t\t\t\t\t\t\t\t\t<\/figure>\n\t\t\t\t\t\t\t\t\t<\/div>\n\t\t\t\t<\/div>\n\t\t\t\t<\/div>\n\t\t<div class=\"elementor-element elementor-element-6a043f7a e-con-full e-flex e-con e-child\" data-id=\"6a043f7a\" data-element_type=\"container\" data-e-type=\"container\">\n\t\t\t\t<\/div>\n\t\t\t\t\t<\/div>\n\t\t\t\t<\/div>\n\t\t<div class=\"elementor-element elementor-element-7e86d699 e-con-full e-flex e-con e-parent\" data-id=\"7e86d699\" data-element_type=\"container\" data-e-type=\"container\">\n\t\t\t\t<div class=\"elementor-element elementor-element-220c5c9d elementor-widget elementor-widget-heading\" data-id=\"220c5c9d\" data-element_type=\"widget\" data-e-type=\"widget\" data-widget_type=\"heading.default\">\n\t\t\t\t<div class=\"elementor-widget-container\">\n\t\t\t\t\t<h2 class=\"elementor-heading-title elementor-size-default\">Allgemeine Informationen<\/h2>\t\t\t\t<\/div>\n\t\t\t\t<\/div>\n\t\t\t\t<div class=\"elementor-element elementor-element-56550955 elementor-widget elementor-widget-text-editor\" data-id=\"56550955\" data-element_type=\"widget\" data-e-type=\"widget\" data-widget_type=\"text-editor.default\">\n\t\t\t\t<div class=\"elementor-widget-container\">\n\t\t\t\t\t\t\t\t\t<p>Ab Juli tr\u00e4gt die Eselsdistel lilafarbene Bl\u00fcten. Die Eselsdistel ist eine sommergr\u00fcne Staude, die lanzettliche Bl\u00e4tter in einem ansehnlichen Silberweiss tr\u00e4gt. Als aufrecht, horstbildend wachsende Staude erreicht sie Gr\u00f6ssen bis zu 2 m und wird etwa 70 cm breit.<\/p>\t\t\t\t\t\t\t\t<\/div>\n\t\t\t\t<\/div>\n\t\t\t\t<\/div>\n\t\t<div class=\"elementor-element elementor-element-2e404f55 e-grid e-con-boxed e-con e-parent\" data-id=\"2e404f55\" data-element_type=\"container\" data-e-type=\"container\">\n\t\t\t\t\t<div class=\"e-con-inner\">\n\t\t\t\t<div class=\"elementor-element elementor-element-36c12fe2 elementor-widget elementor-widget-heading\" data-id=\"36c12fe2\" data-element_type=\"widget\" data-e-type=\"widget\" data-widget_type=\"heading.default\">\n\t\t\t\t<div class=\"elementor-widget-container\">\n\t\t\t\t\t<h2 class=\"elementor-heading-title elementor-size-default\">Informationen f\u00fcr Heimg\u00e4rtner:innen<\/h2>\t\t\t\t<\/div>\n\t\t\t\t<\/div>\n\t\t\t\t\t<\/div>\n\t\t\t\t<\/div>\n\t\t<div class=\"elementor-element elementor-element-17b0b863 e-flex e-con-boxed e-con e-parent\" data-id=\"17b0b863\" data-element_type=\"container\" data-e-type=\"container\">\n\t\t\t\t\t<div class=\"e-con-inner\">\n\t\t<div class=\"elementor-element elementor-element-3be10d1e e-con-full e-flex e-con e-child\" data-id=\"3be10d1e\" data-element_type=\"container\" data-e-type=\"container\">\n\t\t\t\t<div class=\"elementor-element elementor-element-8e93a1f elementor-widget elementor-widget-text-editor\" data-id=\"8e93a1f\" data-element_type=\"widget\" data-e-type=\"widget\" data-widget_type=\"text-editor.default\">\n\t\t\t\t<div class=\"elementor-widget-container\">\n\t\t\t\t\t\t\t\t\t<p><strong>Aussaht<\/strong><\/p>\n<p>Im Fr\u00fchjahr<\/p>\n<p><a href=\"https:\/\/www.nvaadorf.ch\/wp\/?page_id=4922#lichtkeimer\">Lichtkeimer<\/a><\/p>\t\t\t\t\t\t\t\t<\/div>\n\t\t\t\t<\/div>\n\t\t\t\t<\/div>\n\t\t<div class=\"elementor-element elementor-element-7efdae84 e-con-full e-flex e-con e-child\" data-id=\"7efdae84\" data-element_type=\"container\" data-e-type=\"container\">\n\t\t\t\t<div class=\"elementor-element elementor-element-66261939 elementor-widget elementor-widget-text-editor\" data-id=\"66261939\" data-element_type=\"widget\" data-e-type=\"widget\" data-widget_type=\"text-editor.default\">\n\t\t\t\t<div class=\"elementor-widget-container\">\n\t\t\t\t\t\t\t\t\t<p><strong>Wasser<\/strong><\/p>\n<p>Diese Pflanze mag es nicht zu feucht.<\/p>\t\t\t\t\t\t\t\t<\/div>\n\t\t\t\t<\/div>\n\t\t\t\t<\/div>\n\t\t<div class=\"elementor-element elementor-element-73ae6599 e-con-full e-flex e-con e-child\" data-id=\"73ae6599\" data-element_type=\"container\" data-e-type=\"container\">\n\t\t\t\t<div class=\"elementor-element elementor-element-1be30dde elementor-widget elementor-widget-text-editor\" data-id=\"1be30dde\" data-element_type=\"widget\" data-e-type=\"widget\" data-widget_type=\"text-editor.default\">\n\t\t\t\t<div class=\"elementor-widget-container\">\n\t\t\t\t\t\t\t\t\t<p><strong>Wuchs<\/strong><\/p>\n<p>Diese ein oder zweij\u00e4hrige Pflanze. Onopordum acanthium wird etwa 150 cm bis 200 cm gross, bei einer Breite von 60 cm bis 70 cm.<\/p>\t\t\t\t\t\t\t\t<\/div>\n\t\t\t\t<\/div>\n\t\t\t\t<\/div>\n\t\t<div class=\"elementor-element elementor-element-2b452750 e-con-full e-flex e-con e-child\" data-id=\"2b452750\" data-element_type=\"container\" data-e-type=\"container\">\n\t\t\t\t<div class=\"elementor-element elementor-element-6320460f elementor-widget elementor-widget-text-editor\" data-id=\"6320460f\" data-element_type=\"widget\" data-e-type=\"widget\" data-widget_type=\"text-editor.default\">\n\t\t\t\t<div class=\"elementor-widget-container\">\n\t\t\t\t\t\t\t\t\t<p><strong>Pflege<\/strong><\/p>\n<p>Diese Pflanze sollte im Herbst nicht zur\u00fcckgeschnitten werden, da sie im Winter h\u00fcbsch aussieht, oder die abgestorbenen Pflanzenteile als Winterschutz dienen. R\u00fcckschnitt erst im Fr\u00fchling vor dem Neuaustrieb.<\/p>\t\t\t\t\t\t\t\t<\/div>\n\t\t\t\t<\/div>\n\t\t\t\t<\/div>\n\t\t<div class=\"elementor-element elementor-element-153a6e7e e-con-full e-flex e-con e-child\" data-id=\"153a6e7e\" data-element_type=\"container\" data-e-type=\"container\">\n\t\t\t\t<div class=\"elementor-element elementor-element-71bbd670 elementor-widget elementor-widget-text-editor\" data-id=\"71bbd670\" data-element_type=\"widget\" data-e-type=\"widget\" data-widget_type=\"text-editor.default\">\n\t\t\t\t<div class=\"elementor-widget-container\">\n\t\t\t\t\t\t\t\t\t<p><strong>Bl\u00fcte<\/strong><\/p>\n<p>Die lilafarbenen Bl\u00fcten sind k\u00f6rbchenartig. Wenn sie zwischen Juli und September ihre ganze Pracht entfalten, wird die Gew\u00f6hnliche Eselsdistel zu einem Blickfang.<\/p>\t\t\t\t\t\t\t\t<\/div>\n\t\t\t\t<\/div>\n\t\t\t\t<\/div>\n\t\t<div class=\"elementor-element elementor-element-19a04730 e-con-full e-flex e-con e-child\" data-id=\"19a04730\" data-element_type=\"container\" data-e-type=\"container\">\n\t\t\t\t<div class=\"elementor-element elementor-element-4ed9bf8b elementor-widget elementor-widget-text-editor\" data-id=\"4ed9bf8b\" data-element_type=\"widget\" data-e-type=\"widget\" data-widget_type=\"text-editor.default\">\n\t\t\t\t<div class=\"elementor-widget-container\">\n\t\t\t\t\t\t\t\t\t<p><strong>Pflanzzeit<\/strong><\/p>\n<p>Diese Staude sollte am besten zwischen M\u00e4rz &#8211; Mai gepflanzt werden.<\/p>\t\t\t\t\t\t\t\t<\/div>\n\t\t\t\t<\/div>\n\t\t\t\t<\/div>\n\t\t<div class=\"elementor-element elementor-element-1c67f067 e-con-full e-flex e-con e-child\" data-id=\"1c67f067\" data-element_type=\"container\" data-e-type=\"container\">\n\t\t\t\t<div class=\"elementor-element elementor-element-7efbc151 elementor-widget elementor-widget-text-editor\" data-id=\"7efbc151\" data-element_type=\"widget\" data-e-type=\"widget\" data-widget_type=\"text-editor.default\">\n\t\t\t\t<div class=\"elementor-widget-container\">\n\t\t\t\t\t\t\t\t\t<p><strong>Frosth\u00e4rte<\/strong><\/p>\n<p>Ein Winterschutz wird nicht ben\u00f6tigt, Temperaturen bis -20\u00b0C sind kein Problem.<\/p>\t\t\t\t\t\t\t\t<\/div>\n\t\t\t\t<\/div>\n\t\t\t\t<\/div>\n\t\t<div class=\"elementor-element elementor-element-4903f3c6 e-con-full e-flex e-con e-child\" data-id=\"4903f3c6\" data-element_type=\"container\" data-e-type=\"container\">\n\t\t\t\t<div class=\"elementor-element elementor-element-35066fa3 elementor-widget elementor-widget-text-editor\" data-id=\"35066fa3\" data-element_type=\"widget\" data-e-type=\"widget\" data-widget_type=\"text-editor.default\">\n\t\t\t\t<div class=\"elementor-widget-container\">\n\t\t\t\t\t\t\t\t\t<p><strong>Standort<\/strong><\/p>\n<p>Der optimale Standort f\u00fcr Onopordum acanthium ist eine sonnige Lage.<\/p>\t\t\t\t\t\t\t\t<\/div>\n\t\t\t\t<\/div>\n\t\t\t\t<\/div>\n\t\t<div class=\"elementor-element elementor-element-23fd4ad5 e-con-full e-flex e-con e-child\" data-id=\"23fd4ad5\" data-element_type=\"container\" data-e-type=\"container\">\n\t\t\t\t<div class=\"elementor-element elementor-element-42bab7aa elementor-widget elementor-widget-text-editor\" data-id=\"42bab7aa\" data-element_type=\"widget\" data-e-type=\"widget\" data-widget_type=\"text-editor.default\">\n\t\t\t\t<div class=\"elementor-widget-container\">\n\t\t\t\t\t\t\t\t\t<p><strong>Boden<\/strong><\/p>\n<p>Diese Pflanze braucht einen durchl\u00e4ssigen und humosen Boden. An geeigneten Stellen s\u00e4t sie sich selber aus.<\/p>\t\t\t\t\t\t\t\t<\/div>\n\t\t\t\t<\/div>\n\t\t\t\t<\/div>\n\t\t<div class=\"elementor-element elementor-element-7814ebf8 e-con-full e-flex e-con e-child\" data-id=\"7814ebf8\" data-element_type=\"container\" data-e-type=\"container\">\n\t\t\t\t<div class=\"elementor-element elementor-element-3a79d548 elementor-widget elementor-widget-text-editor\" data-id=\"3a79d548\" data-element_type=\"widget\" data-e-type=\"widget\" data-widget_type=\"text-editor.default\">\n\t\t\t\t<div class=\"elementor-widget-container\">\n\t\t\t\t\t\t\t\t\t<p><strong>Verwendung<\/strong><\/p>\n<p>Eine Verwendungsm\u00f6glichkeit der Eselsdistel ist als Schattenspender. Aufgrund ihrer H\u00f6he und der dichten Bl\u00e4tter bietet sie einen guten Sonnenschutz f\u00fcr andere Pflanzen im Garten. Besonders in heissen Sommern kann sie dazu beitragen, dass empfindlichere Pflanzen vor zu viel Sonneneinstrahlung gesch\u00fctzt werden.<\/p>\t\t\t\t\t\t\t\t<\/div>\n\t\t\t\t<\/div>\n\t\t\t\t<\/div>\n\t\t\t\t\t<\/div>\n\t\t\t\t<\/div>\n\t\t<div class=\"elementor-element elementor-element-56bdfac e-flex e-con-boxed e-con e-parent\" data-id=\"56bdfac\" data-element_type=\"container\" data-e-type=\"container\">\n\t\t\t\t\t<div class=\"e-con-inner\">\n\t\t\t\t<div class=\"elementor-element elementor-element-7cc361c elementor-widget elementor-widget-heading\" data-id=\"7cc361c\" data-element_type=\"widget\" data-e-type=\"widget\" data-widget_type=\"heading.default\">\n\t\t\t\t<div class=\"elementor-widget-container\">\n\t\t\t\t\t<h2 class=\"elementor-heading-title elementor-size-default\">Samengewinnung<\/h2>\t\t\t\t<\/div>\n\t\t\t\t<\/div>\n\t\t\t\t<div class=\"elementor-element elementor-element-9825015 elementor-widget elementor-widget-text-editor\" data-id=\"9825015\" data-element_type=\"widget\" data-e-type=\"widget\" data-widget_type=\"text-editor.default\">\n\t\t\t\t<div class=\"elementor-widget-container\">\n\t\t\t\t\t\t\t\t\t<p>Die Eselsdistel produziert ihre Samen in einem K\u00f6rbchen. Diese K\u00f6rbchen sind am besten zu ernten, wenn sie vollst\u00e4ndig ausgereift sind und die Bl\u00fctenbl\u00e4tter braun und trocken sind.<\/p>\n<p>Trage Handschuhe, da die stacheligen Bl\u00e4tter der Eselsdistel Deine H\u00e4nde irritieren k\u00f6nnen. Schneide die Samenst\u00e4nde vorsichtig von der Pflanze ab. Verwende dazu eine scharfe Schere oder ein scharfes Messer. Achte darauf, dass Du nicht nur die K\u00f6pfe, sondern auch einen kleinen Teil des St\u00e4ngels schneidest, um die Samen nicht zu besch\u00e4digen.<\/p>\n<p>Sobald die Samenst\u00e4nde getrocknet sind, brichst Du sie vorsichtig auf, um die Samen freizulegen. Die Samen sind klein und fein, deshalb ist es ratsam, in einer grossen Sch\u00fcssel oder auf einem Tuch zu arbeiten, um eine bessere Kontrolle zu haben und die Samen nicht zu verlieren. Trenne die Samen von den restlichen Pflanzenteilen, indem Du sie vorsichtig durch die H\u00e4nde reibst oder mit einem Sieb arbeitest.<\/p>\t\t\t\t\t\t\t\t<\/div>\n\t\t\t\t<\/div>\n\t\t\t\t\t<\/div>\n\t\t\t\t<\/div>\n\t\t\t\t<\/div>\n\t\t","protected":false},"excerpt":{"rendered":"<p>Eselsdistel (Onopordum acanthium) Eselsdistel Allgemeine Informationen Ab Juli tr\u00e4gt die Eselsdistel lilafarbene Bl\u00fcten. Die Eselsdistel ist eine sommergr\u00fcne Staude, die lanzettliche Bl\u00e4tter in einem ansehnlichen Silberweiss tr\u00e4gt. Als aufrecht, horstbildend wachsende Staude erreicht sie Gr\u00f6ssen bis zu 2 m und wird etwa 70 cm breit. Informationen f\u00fcr Heimg\u00e4rtner:innen Aussaht Im Fr\u00fchjahr Lichtkeimer Wasser Diese Pflanze [&hellip;]<\/p>\n","protected":false},"author":3,"featured_media":0,"parent":4829,"menu_order":0,"comment_status":"closed","ping_status":"closed","template":"","meta":{"site-sidebar-layout":"default","site-content-layout":"","ast-site-content-layout":"default","site-content-style":"default","site-sidebar-style":"default","ast-global-header-display":"","ast-banner-title-visibility":"","ast-main-header-display":"","ast-hfb-above-header-display":"","ast-hfb-below-header-display":"","ast-hfb-mobile-header-display":"","site-post-title":"","ast-breadcrumbs-content":"","ast-featured-img":"","footer-sml-layout":"","ast-disable-related-posts":"","theme-transparent-header-meta":"","adv-header-id-meta":"","stick-header-meta":"","header-above-stick-meta":"","header-main-stick-meta":"","header-below-stick-meta":"","astra-migrate-meta-layouts":"default","ast-page-background-enabled":"default","ast-page-background-meta":{"desktop":{"background-color":"var(--ast-global-color-5)","background-image":"","background-repeat":"repeat","background-position":"center center","background-size":"auto","background-attachment":"scroll","background-type":"","background-media":"","overlay-type":"","overlay-color":"","overlay-opacity":"","overlay-gradient":""},"tablet":{"background-color":"","background-image":"","background-repeat":"repeat","background-position":"center center","background-size":"auto","background-attachment":"scroll","background-type":"","background-media":"","overlay-type":"","overlay-color":"","overlay-opacity":"","overlay-gradient":""},"mobile":{"background-color":"","background-image":"","background-repeat":"repeat","background-position":"center center","background-size":"auto","background-attachment":"scroll","background-type":"","background-media":"","overlay-type":"","overlay-color":"","overlay-opacity":"","overlay-gradient":""}},"ast-content-background-meta":{"desktop":{"background-color":"var(--ast-global-color-4)","background-image":"","background-repeat":"repeat","background-position":"center center","background-size":"auto","background-attachment":"scroll","background-type":"","background-media":"","overlay-type":"","overlay-color":"","overlay-opacity":"","overlay-gradient":""},"tablet":{"background-color":"var(--ast-global-color-4)","background-image":"","background-repeat":"repeat","background-position":"center center","background-size":"auto","background-attachment":"scroll","background-type":"","background-media":"","overlay-type":"","overlay-color":"","overlay-opacity":"","overlay-gradient":""},"mobile":{"background-color":"var(--ast-global-color-4)","background-image":"","background-repeat":"repeat","background-position":"center center","background-size":"auto","background-attachment":"scroll","background-type":"","background-media":"","overlay-type":"","overlay-color":"","overlay-opacity":"","overlay-gradient":""}},"footnotes":""},"class_list":["post-4871","page","type-page","status-publish","hentry"],"_links":{"self":[{"href":"https:\/\/www.nvaadorf.ch\/wp\/wp-json\/wp\/v2\/pages\/4871","targetHints":{"allow":["GET"]}}],"collection":[{"href":"https:\/\/www.nvaadorf.ch\/wp\/wp-json\/wp\/v2\/pages"}],"about":[{"href":"https:\/\/www.nvaadorf.ch\/wp\/wp-json\/wp\/v2\/types\/page"}],"author":[{"embeddable":true,"href":"https:\/\/www.nvaadorf.ch\/wp\/wp-json\/wp\/v2\/users\/3"}],"replies":[{"embeddable":true,"href":"https:\/\/www.nvaadorf.ch\/wp\/wp-json\/wp\/v2\/comments?post=4871"}],"version-history":[{"count":0,"href":"https:\/\/www.nvaadorf.ch\/wp\/wp-json\/wp\/v2\/pages\/4871\/revisions"}],"up":[{"embeddable":true,"href":"https:\/\/www.nvaadorf.ch\/wp\/wp-json\/wp\/v2\/pages\/4829"}],"wp:attachment":[{"href":"https:\/\/www.nvaadorf.ch\/wp\/wp-json\/wp\/v2\/media?parent=4871"}],"curies":[{"name":"wp","href":"https:\/\/api.w.org\/{rel}","templated":true}]}}